{"id":326305,"date":"2022-11-23T17:27:16","date_gmt":"2022-11-23T16:27:16","guid":{"rendered":"https:\/\/www.moleson.ch\/summer\/"},"modified":"2025-05-27T12:05:04","modified_gmt":"2025-05-27T10:05:04","slug":"summer","status":"publish","type":"page","link":"https:\/\/www.moleson.ch\/de\/summer\/","title":{"rendered":"Toutes les activit\u00e9s d&#8217;\u00e9t\u00e9"},"content":{"rendered":"<div class=\"the-content\"><\/div>","protected":false},"excerpt":{"rendered":"","protected":false},"author":2,"featured_media":0,"parent":0,"menu_order":0,"comment_status":"closed","ping_status":"closed","template":"page-main.php","meta":{"_acf_changed":false,"footnotes":""},"class_list":["post-326305","page","type-page","status-publish","hentry"],"acf":[],"_links":{"self":[{"href":"https:\/\/www.moleson.ch\/de\/wp-json\/wp\/v2\/pages\/326305","targetHints":{"allow":["GET"]}}],"collection":[{"href":"https:\/\/www.moleson.ch\/de\/wp-json\/wp\/v2\/pages"}],"about":[{"href":"https:\/\/www.moleson.ch\/de\/wp-json\/wp\/v2\/types\/page"}],"author":[{"embeddable":true,"href":"https:\/\/www.moleson.ch\/de\/wp-json\/wp\/v2\/users\/2"}],"replies":[{"embeddable":true,"href":"https:\/\/www.moleson.ch\/de\/wp-json\/wp\/v2\/comments?post=326305"}],"version-history":[{"count":0,"href":"https:\/\/www.moleson.ch\/de\/wp-json\/wp\/v2\/pages\/326305\/revisions"}],"wp:attachment":[{"href":"https:\/\/www.moleson.ch\/de\/wp-json\/wp\/v2\/media?parent=326305"}],"curies":[{"name":"wp","href":"https:\/\/api.w.org\/{rel}","templated":true}]}}