{"id":301645,"date":"2019-11-26T14:50:59","date_gmt":"2019-11-26T13:50:59","guid":{"rendered":"https:\/\/www.moleson.ch\/produit\/loisirs-a-plusieurs\/"},"modified":"2025-11-13T10:05:23","modified_gmt":"2025-11-13T09:05:23","slug":"loisirs-a-plusieurs","status":"publish","type":"product","link":"https:\/\/www.moleson.ch\/de\/produkt\/loisirs-a-plusieurs\/","title":{"rendered":"Geschenkgutschein f\u00fcr Freizeitaktivit\u00e4ten f\u00fcr mehrere Personen"},"content":{"rendered":"<div class=\"the-content\"><p>Rodelbahn, D\u00e9val-Kartfahren, Minigolf, H\u00fcpfburgen\u2026. Geniessen Sie die Freizeitaktivit\u00e4ten des Ortes. Die Parcours k\u00f6nnen von mehreren Personen benutzt werden, die Karte wird nicht mit Namen ausgestellt. 10 Parcours nach Wahl k\u00f6nnen an mehreren Tagen benutzt werden! Eine M\u00f6glichkeit, um eine tolle Auszeit zu verschenken\u2026<\/p>\n<p>Der Gutschein umfasst 1 Karte mit 10 Parcours (1 Parcours = 1 Aktivit\u00e4t 1 Mal).<\/p>\n<\/div>","protected":false},"excerpt":{"rendered":"<p>Rodelbahn, D\u00e9val-Kartfahren, Minigolf, H\u00fcpfburgen\u2026. Geniessen Sie die Freizeitaktivit\u00e4ten des Ortes. Die Parcours k\u00f6nnen von mehreren Personen benutzt werden, die Karte wird nicht mit Namen ausgestellt. 10 Parcours nach Wahl k\u00f6nnen an mehreren Tagen benutzt werden! Eine M\u00f6glichkeit, um eine tolle Auszeit zu verschenken\u2026 Der Gutschein umfasst 1 Karte mit 10 Parcours (1 Parcours = 1 [&hellip;]<\/p>\n","protected":false},"featured_media":343646,"template":"","meta":{"_acf_changed":false},"product_brand":[],"product_cat":[348],"product_tag":[],"class_list":{"0":"post-301645","1":"product","2":"type-product","3":"status-publish","4":"has-post-thumbnail","6":"product_cat-sommerfreizeit-gutscheine","8":"first","9":"instock","10":"downloadable","11":"virtual","12":"purchasable","13":"product-type-simple"},"acf":[],"_links":{"self":[{"href":"https:\/\/www.moleson.ch\/de\/wp-json\/wp\/v2\/product\/301645","targetHints":{"allow":["GET"]}}],"collection":[{"href":"https:\/\/www.moleson.ch\/de\/wp-json\/wp\/v2\/product"}],"about":[{"href":"https:\/\/www.moleson.ch\/de\/wp-json\/wp\/v2\/types\/product"}],"wp:featuredmedia":[{"embeddable":true,"href":"https:\/\/www.moleson.ch\/de\/wp-json\/wp\/v2\/media\/343646"}],"wp:attachment":[{"href":"https:\/\/www.moleson.ch\/de\/wp-json\/wp\/v2\/media?parent=301645"}],"wp:term":[{"taxonomy":"product_brand","embeddable":true,"href":"https:\/\/www.moleson.ch\/de\/wp-json\/wp\/v2\/product_brand?post=301645"},{"taxonomy":"product_cat","embeddable":true,"href":"https:\/\/www.moleson.ch\/de\/wp-json\/wp\/v2\/product_cat?post=301645"},{"taxonomy":"product_tag","embeddable":true,"href":"https:\/\/www.moleson.ch\/de\/wp-json\/wp\/v2\/product_tag?post=301645"}],"curies":[{"name":"wp","href":"https:\/\/api.w.org\/{rel}","templated":true}]}}