{"id":301681,"date":"2019-11-26T15:38:09","date_gmt":"2019-11-26T14:38:09","guid":{"rendered":"https:\/\/www.moleson.ch\/produit\/restaurant-le-sommet\/"},"modified":"2025-12-18T22:19:50","modified_gmt":"2025-12-18T21:19:50","slug":"restaurant-le-sommet","status":"publish","type":"product","link":"https:\/\/www.moleson.ch\/de\/produkt\/restaurant-le-sommet\/","title":{"rendered":"Geschenkgutschein Restaurant Le Sommet auf 2002 m"},"content":{"rendered":"<div class=\"the-content\"><p>Man sagt, von dort aus kann man sein Zuhause sehen\u2026.<\/p>\n<p>Das Panoramarestaurant des Sommet du Mol\u00e9son (2\u2018002 m \u00fc. M.) bietet Ihnen eine traditionelle K\u00fcche in einem gem\u00fctlichen und hellen Ambiente an mit Blick auf die 1\u2018000 Aussichtspunkte vom Genfersee bis zum Jura und vom Mont-Blanc bis zu den ber\u00fchmten Bergspitzen des Berner Oberlandes.<\/p>\n<p>Nutzen Sie diesen Gutschein, um die k\u00f6stlichen und typischen Gruy\u00e8re-Gerichte zu kosten oder um bei besonderen Anl\u00e4ssen im Sommet du Mol\u00e9son fremdl\u00e4ndische Spezialit\u00e4ten zu entdecken. Ein einzigartiges Restaurant und voller Unterhaltung, welche es auf <a href=\"http:\/\/www.moleson.ch\">www.moleson.ch<\/a> zu entdecken gilt.<\/p>\n<p>Der Gutschein ist in einer einzigen Transaktion f\u00fcr jeden Kauf g\u00fcltig, dessen Wert gleich oder h\u00f6her ist als der Gutschein.<\/p>\n<\/div>","protected":false},"excerpt":{"rendered":"<p>Man sagt, von dort aus kann man sein Zuhause sehen\u2026. Das Panoramarestaurant des Sommet du Mol\u00e9son (2\u2018002 m \u00fc. M.) bietet Ihnen eine traditionelle K\u00fcche in einem gem\u00fctlichen und hellen Ambiente an mit Blick auf die 1\u2018000 Aussichtspunkte vom Genfersee bis zum Jura und vom Mont-Blanc bis zu den ber\u00fchmten Bergspitzen des Berner Oberlandes. Nutzen [&hellip;]<\/p>\n","protected":false},"featured_media":300575,"template":"","meta":{"_acf_changed":false},"product_brand":[],"product_cat":[349],"product_tag":[],"class_list":{"0":"post-301681","1":"product","2":"type-product","3":"status-publish","4":"has-post-thumbnail","6":"product_cat-gastronomie-gutscheine","8":"first","9":"instock","10":"shipping-taxable","11":"purchasable","12":"product-type-variable"},"acf":[],"_links":{"self":[{"href":"https:\/\/www.moleson.ch\/de\/wp-json\/wp\/v2\/product\/301681","targetHints":{"allow":["GET"]}}],"collection":[{"href":"https:\/\/www.moleson.ch\/de\/wp-json\/wp\/v2\/product"}],"about":[{"href":"https:\/\/www.moleson.ch\/de\/wp-json\/wp\/v2\/types\/product"}],"wp:featuredmedia":[{"embeddable":true,"href":"https:\/\/www.moleson.ch\/de\/wp-json\/wp\/v2\/media\/300575"}],"wp:attachment":[{"href":"https:\/\/www.moleson.ch\/de\/wp-json\/wp\/v2\/media?parent=301681"}],"wp:term":[{"taxonomy":"product_brand","embeddable":true,"href":"https:\/\/www.moleson.ch\/de\/wp-json\/wp\/v2\/product_brand?post=301681"},{"taxonomy":"product_cat","embeddable":true,"href":"https:\/\/www.moleson.ch\/de\/wp-json\/wp\/v2\/product_cat?post=301681"},{"taxonomy":"product_tag","embeddable":true,"href":"https:\/\/www.moleson.ch\/de\/wp-json\/wp\/v2\/product_tag?post=301681"}],"curies":[{"name":"wp","href":"https:\/\/api.w.org\/{rel}","templated":true}]}}