{"id":301697,"date":"2019-11-26T16:26:39","date_gmt":"2019-11-26T15:26:39","guid":{"rendered":"https:\/\/www.moleson.ch\/produit\/restaurant-plan-francey-1520m\/"},"modified":"2025-08-27T09:21:35","modified_gmt":"2025-08-27T07:21:35","slug":"restaurant-plan-francey-1520m","status":"publish","type":"product","link":"https:\/\/www.moleson.ch\/de\/produkt\/restaurant-plan-francey-1520m\/","title":{"rendered":"Geschenkgutschein Restaurant Plan-Francey auf 1&#8217;520 m"},"content":{"rendered":"<div class=\"the-content\"><p>Das Hotel-Restaurant Plan-Francey liegt auf halber H\u00f6he und bietet Wanderern und Skifahrern eine lokale K\u00fcche, Greyerzer-Gerichte, Burgers, vegetarische Gerichte und Kindermen\u00fcs an.<\/p>\n<p>Verbringen Sie einen Abend, fernab von allem, auf 1\u2018520 m \u00fc. M. und geniessen Sie die Zimmer des Berghotels f\u00fcr ein Wochenende inmitten der Natur.<\/p>\n<p>L\u00f6sen Sie Ihren Gutschein ein f\u00fcr ein Fondue, einen Themenabend, einen Brunch am Sonntag oder ein Essen \u00e0 la carte. Ein einzigartiges Restaurant voller Unterhaltung, welche es auf <a href=\"http:\/\/www.moleson.ch\">www.moleson.ch<\/a> zu entdecken gilt.<\/p>\n<p>Der Gutschein ist in einer einzigen Transaktion f\u00fcr jeden Kauf g\u00fcltig, dessen Wert gleich oder h\u00f6her ist als der Gutschein.<\/p>\n<\/div>","protected":false},"excerpt":{"rendered":"<p>Das Hotel-Restaurant Plan-Francey liegt auf halber H\u00f6he und bietet Wanderern und Skifahrern eine lokale K\u00fcche, Greyerzer-Gerichte, Burgers, vegetarische Gerichte und Kindermen\u00fcs an. Verbringen Sie einen Abend, fernab von allem, auf 1\u2018520 m \u00fc. M. und geniessen Sie die Zimmer des Berghotels f\u00fcr ein Wochenende inmitten der Natur. L\u00f6sen Sie Ihren Gutschein ein f\u00fcr ein Fondue, [&hellip;]<\/p>\n","protected":false},"featured_media":343625,"template":"","meta":{"_acf_changed":false},"product_brand":[],"product_cat":[349],"product_tag":[],"class_list":{"0":"post-301697","1":"product","2":"type-product","3":"status-publish","4":"has-post-thumbnail","6":"product_cat-gastronomie-gutscheine","8":"first","9":"instock","10":"shipping-taxable","11":"purchasable","12":"product-type-variable"},"acf":[],"_links":{"self":[{"href":"https:\/\/www.moleson.ch\/de\/wp-json\/wp\/v2\/product\/301697","targetHints":{"allow":["GET"]}}],"collection":[{"href":"https:\/\/www.moleson.ch\/de\/wp-json\/wp\/v2\/product"}],"about":[{"href":"https:\/\/www.moleson.ch\/de\/wp-json\/wp\/v2\/types\/product"}],"wp:featuredmedia":[{"embeddable":true,"href":"https:\/\/www.moleson.ch\/de\/wp-json\/wp\/v2\/media\/343625"}],"wp:attachment":[{"href":"https:\/\/www.moleson.ch\/de\/wp-json\/wp\/v2\/media?parent=301697"}],"wp:term":[{"taxonomy":"product_brand","embeddable":true,"href":"https:\/\/www.moleson.ch\/de\/wp-json\/wp\/v2\/product_brand?post=301697"},{"taxonomy":"product_cat","embeddable":true,"href":"https:\/\/www.moleson.ch\/de\/wp-json\/wp\/v2\/product_cat?post=301697"},{"taxonomy":"product_tag","embeddable":true,"href":"https:\/\/www.moleson.ch\/de\/wp-json\/wp\/v2\/product_tag?post=301697"}],"curies":[{"name":"wp","href":"https:\/\/api.w.org\/{rel}","templated":true}]}}