{"id":317942,"date":"2021-11-08T14:08:46","date_gmt":"2021-11-08T13:08:46","guid":{"rendered":"https:\/\/www.moleson.ch\/?post_type=product&#038;p=317942"},"modified":"2026-04-24T05:24:34","modified_gmt":"2026-04-24T03:24:34","slug":"geschenkgutschein-restaurant-moleson","status":"publish","type":"product","link":"https:\/\/www.moleson.ch\/de\/produkt\/geschenkgutschein-restaurant-moleson\/","title":{"rendered":"Geschenkgutschein f\u00fcr Restaurants in Mol\u00e9son"},"content":{"rendered":"<div class=\"the-content\"><p>2002 Meter Schlemmervergn\u00fcgen! Die 4 Restaurants des Mol\u00e9son bieten Ihnen eine Mahlzeit in einem Restaurant Ihrer Wahl. Eine k\u00f6stliche Auswahl an traditionellen Gruy\u00e8re-Gerichten wird Ihnen mit einem atemberaubenden Blick auf den Berg und sein Panorama angeboten. Nutzen Sie es zum Beispiel f\u00fcr ein Fondue, ein gutes saisonales Gericht oder ein Essen \u00e0 la carte und finden Sie das Unterhaltungsprogramm des Resorts auf www.moleson.ch.<\/p>\n<p>Welches Restaurant wird Ihr Lieblingsrestaurant sein? Sie haben die Qual der Wahl: Le Restaurant de la Pierre \u00e0 Catillon (1100m), Le Restaurant de la Fromagerie d&#8217;Alpage (1100m), Le Restaurant de Plan-Francey (1520m) oder Le Restaurant Sommet (2002m)?<\/p>\n<p>Vergessen Sie nicht, einen Blick auf die Spitze des Mol\u00e9son zu werfen, um zu sehen, ob Sie Ihr Haus sehen k\u00f6nnen!<\/p>\n<p>Guten Appetit!<\/p>\n<p>Der Gutschein ist in einer einzigen Transaktion f\u00fcr jeden Kauf g\u00fcltig, dessen Wert gleich oder h\u00f6her ist als der Gutschein.<\/p>\n<\/div>","protected":false},"excerpt":{"rendered":"<p>2002 Meter Schlemmervergn\u00fcgen! Die 4 Restaurants des Mol\u00e9son bieten Ihnen eine Mahlzeit in einem Restaurant Ihrer Wahl. Eine k\u00f6stliche Auswahl an traditionellen Gruy\u00e8re-Gerichten wird Ihnen mit einem atemberaubenden Blick auf den Berg und sein Panorama angeboten. Nutzen Sie es zum Beispiel f\u00fcr ein Fondue, ein gutes saisonales Gericht oder ein Essen \u00e0 la carte und [&hellip;]<\/p>\n","protected":false},"featured_media":324674,"template":"","meta":{"_acf_changed":false},"product_brand":[],"product_cat":[349,298],"product_tag":[],"class_list":{"0":"post-317942","1":"product","2":"type-product","3":"status-publish","4":"has-post-thumbnail","6":"product_cat-gastronomie-gutscheine","7":"product_cat-gutscheine","9":"first","10":"instock","11":"shipping-taxable","12":"purchasable","13":"product-type-variable"},"acf":[],"_links":{"self":[{"href":"https:\/\/www.moleson.ch\/de\/wp-json\/wp\/v2\/product\/317942","targetHints":{"allow":["GET"]}}],"collection":[{"href":"https:\/\/www.moleson.ch\/de\/wp-json\/wp\/v2\/product"}],"about":[{"href":"https:\/\/www.moleson.ch\/de\/wp-json\/wp\/v2\/types\/product"}],"wp:featuredmedia":[{"embeddable":true,"href":"https:\/\/www.moleson.ch\/de\/wp-json\/wp\/v2\/media\/324674"}],"wp:attachment":[{"href":"https:\/\/www.moleson.ch\/de\/wp-json\/wp\/v2\/media?parent=317942"}],"wp:term":[{"taxonomy":"product_brand","embeddable":true,"href":"https:\/\/www.moleson.ch\/de\/wp-json\/wp\/v2\/product_brand?post=317942"},{"taxonomy":"product_cat","embeddable":true,"href":"https:\/\/www.moleson.ch\/de\/wp-json\/wp\/v2\/product_cat?post=317942"},{"taxonomy":"product_tag","embeddable":true,"href":"https:\/\/www.moleson.ch\/de\/wp-json\/wp\/v2\/product_tag?post=317942"}],"curies":[{"name":"wp","href":"https:\/\/api.w.org\/{rel}","templated":true}]}}