{"id":318094,"date":"2021-11-17T17:48:16","date_gmt":"2021-11-17T16:48:16","guid":{"rendered":"https:\/\/www.moleson.ch\/?post_type=product&#038;p=318094"},"modified":"2026-04-26T07:48:50","modified_gmt":"2026-04-26T05:48:50","slug":"brunch-fahrt-plan-francey","status":"publish","type":"product","link":"https:\/\/www.moleson.ch\/de\/produkt\/brunch-fahrt-plan-francey\/","title":{"rendered":"Gutschein Brunch + Fahrt mit der Standseilbahn im Plan-Francey"},"content":{"rendered":"<div class=\"the-content\"><p>&#8222;Gemeinsames Brunchen in Mol\u00e9son&#8220;; mit diesem Gutschein haben Sie Zugang zum Brunch, der im Restaurant von Plan-Francey angeboten wird, sowie zur Fahrt mit der Standseilbahn&#8230; hin und zur\u00fcck, bitte! Lassen Sie uns \u00fcber Ihre Geschmacksnerven sprechen, denn es ist nicht irgendein Brunch! K\u00e4se, Brot, Geb\u00e4ck, Wurstwaren, Marmeladen und andere typische K\u00f6stlichkeiten der Region werden Ihren Gaumen erfreuen, und das in der zauberhaften Umgebung des Restaurants Plan-Francey, das im Herzen des Ferienortes Mol\u00e9son auf 1520 m H\u00f6he liegt.<\/p>\n<p>Ein Festmahl ist garantiert!\u00a0Wir w\u00fcnschen Ihnen einen guten Appetit!<\/p>\n<p><em>Dieser Gutschein gilt f\u00fcr 1 Person (Erwachsener) und beinhaltet den unbegrenzten Zugang zum Brunch im Restaurant von Plan-Francey sowie eine Hin- und R\u00fcckfahrt mit der Standseilbahn f\u00fcr 1 Person.\u00a0<\/em><\/p>\n<\/div>","protected":false},"excerpt":{"rendered":"<p>&#8222;Gemeinsames Brunchen in Mol\u00e9son&#8220;; mit diesem Gutschein haben Sie Zugang zum Brunch, der im Restaurant von Plan-Francey angeboten wird, sowie zur Fahrt mit der Standseilbahn&#8230; hin und zur\u00fcck, bitte! Lassen Sie uns \u00fcber Ihre Geschmacksnerven sprechen, denn es ist nicht irgendein Brunch! K\u00e4se, Brot, Geb\u00e4ck, Wurstwaren, Marmeladen und andere typische K\u00f6stlichkeiten der Region werden Ihren [&hellip;]<\/p>\n","protected":false},"featured_media":343652,"template":"","meta":{"_acf_changed":false},"product_brand":[],"product_cat":[349,298],"product_tag":[],"class_list":{"0":"post-318094","1":"product","2":"type-product","3":"status-publish","4":"has-post-thumbnail","6":"product_cat-gastronomie-gutscheine","7":"product_cat-gutscheine","9":"first","10":"instock","11":"shipping-taxable","12":"purchasable","13":"product-type-variable"},"acf":[],"_links":{"self":[{"href":"https:\/\/www.moleson.ch\/de\/wp-json\/wp\/v2\/product\/318094","targetHints":{"allow":["GET"]}}],"collection":[{"href":"https:\/\/www.moleson.ch\/de\/wp-json\/wp\/v2\/product"}],"about":[{"href":"https:\/\/www.moleson.ch\/de\/wp-json\/wp\/v2\/types\/product"}],"wp:featuredmedia":[{"embeddable":true,"href":"https:\/\/www.moleson.ch\/de\/wp-json\/wp\/v2\/media\/343652"}],"wp:attachment":[{"href":"https:\/\/www.moleson.ch\/de\/wp-json\/wp\/v2\/media?parent=318094"}],"wp:term":[{"taxonomy":"product_brand","embeddable":true,"href":"https:\/\/www.moleson.ch\/de\/wp-json\/wp\/v2\/product_brand?post=318094"},{"taxonomy":"product_cat","embeddable":true,"href":"https:\/\/www.moleson.ch\/de\/wp-json\/wp\/v2\/product_cat?post=318094"},{"taxonomy":"product_tag","embeddable":true,"href":"https:\/\/www.moleson.ch\/de\/wp-json\/wp\/v2\/product_tag?post=318094"}],"curies":[{"name":"wp","href":"https:\/\/api.w.org\/{rel}","templated":true}]}}