{"id":337444,"date":"2024-12-02T15:40:53","date_gmt":"2024-12-02T14:40:53","guid":{"rendered":"https:\/\/www.moleson.ch\/?post_type=product&#038;p=337444"},"modified":"2025-12-30T19:40:00","modified_gmt":"2025-12-30T18:40:00","slug":"coupon-de-prolongation-de-validite","status":"publish","type":"product","link":"https:\/\/www.moleson.ch\/de\/produkt\/coupon-de-prolongation-de-validite\/","title":{"rendered":"Coupon zur Verl\u00e4ngerung der G\u00fcltigkeitsdauer"},"content":{"rendered":"<div class=\"the-content\"><p>Ihren Gutschein um ein Jahr verl\u00e4ngern, das ist M\u00d6GLICH! Jeder in Mol\u00e9son einl\u00f6sbare Gutschein kann gegen eine Pauschalgeb\u00fchr von 5.- CHF einmalig um ein Jahr verl\u00e4ngert werden.<\/p>\n<p>Vergewissern Sie sich, dass der Code des verl\u00e4ngerten Gutscheins genau mit dem Code auf dem abgelaufenen Gutschein \u00fcbereinstimmt. Bei einem Fehler wird der abgelaufene Gutschein nicht verl\u00e4ngert, und es kann keine Korrektur vorgenommen werden.<\/p>\n<p>Der Verl\u00e4ngerungsgutschein ist 1 Jahr ab Kaufdatum g\u00fcltig. Seine Nutzung setzt die Vorlage des abgelaufenen Originalbons <span style=\"text-decoration: underline;\">sowie des Verl\u00e4ngerungsgutscheins<\/span> in ausgedruckter Form voraus.<\/p>\n<\/div>","protected":false},"excerpt":{"rendered":"<p>Ihren Gutschein um ein Jahr verl\u00e4ngern, das ist M\u00d6GLICH! Jeder in Mol\u00e9son einl\u00f6sbare Gutschein kann gegen eine Pauschalgeb\u00fchr von 5.- CHF einmalig um ein Jahr verl\u00e4ngert werden. Vergewissern Sie sich, dass der Code des verl\u00e4ngerten Gutscheins genau mit dem Code auf dem abgelaufenen Gutschein \u00fcbereinstimmt. Bei einem Fehler wird der abgelaufene Gutschein nicht verl\u00e4ngert, und [&hellip;]<\/p>\n","protected":false},"featured_media":337760,"template":"","meta":{"_acf_changed":false},"product_brand":[],"product_cat":[298],"product_tag":[],"class_list":{"0":"post-337444","1":"product","2":"type-product","3":"status-publish","4":"has-post-thumbnail","6":"product_cat-gutscheine","8":"first","9":"instock","10":"downloadable","11":"virtual","12":"purchasable","13":"product-type-simple"},"acf":[],"_links":{"self":[{"href":"https:\/\/www.moleson.ch\/de\/wp-json\/wp\/v2\/product\/337444","targetHints":{"allow":["GET"]}}],"collection":[{"href":"https:\/\/www.moleson.ch\/de\/wp-json\/wp\/v2\/product"}],"about":[{"href":"https:\/\/www.moleson.ch\/de\/wp-json\/wp\/v2\/types\/product"}],"wp:featuredmedia":[{"embeddable":true,"href":"https:\/\/www.moleson.ch\/de\/wp-json\/wp\/v2\/media\/337760"}],"wp:attachment":[{"href":"https:\/\/www.moleson.ch\/de\/wp-json\/wp\/v2\/media?parent=337444"}],"wp:term":[{"taxonomy":"product_brand","embeddable":true,"href":"https:\/\/www.moleson.ch\/de\/wp-json\/wp\/v2\/product_brand?post=337444"},{"taxonomy":"product_cat","embeddable":true,"href":"https:\/\/www.moleson.ch\/de\/wp-json\/wp\/v2\/product_cat?post=337444"},{"taxonomy":"product_tag","embeddable":true,"href":"https:\/\/www.moleson.ch\/de\/wp-json\/wp\/v2\/product_tag?post=337444"}],"curies":[{"name":"wp","href":"https:\/\/api.w.org\/{rel}","templated":true}]}}