{"id":340378,"date":"2025-05-30T08:16:32","date_gmt":"2025-05-30T06:16:32","guid":{"rendered":"https:\/\/www.moleson.ch\/soirees\/"},"modified":"2026-04-16T08:45:02","modified_gmt":"2026-04-16T06:45:02","slug":"soirees","status":"publish","type":"page","link":"https:\/\/www.moleson.ch\/en\/soirees\/","title":{"rendered":"Soir\u00e9es d&#8217;\u00e9t\u00e9 \u00e0 Mol\u00e9son &#8211; Grille"},"content":{"rendered":"<div class=\"the-content\"><\/div>","protected":false},"excerpt":{"rendered":"","protected":false},"author":2,"featured_media":0,"parent":0,"menu_order":0,"comment_status":"closed","ping_status":"closed","template":"page-main.php","meta":{"_acf_changed":false,"footnotes":""},"class_list":["post-340378","page","type-page","status-publish","hentry"],"acf":[],"_links":{"self":[{"href":"https:\/\/www.moleson.ch\/en\/wp-json\/wp\/v2\/pages\/340378","targetHints":{"allow":["GET"]}}],"collection":[{"href":"https:\/\/www.moleson.ch\/en\/wp-json\/wp\/v2\/pages"}],"about":[{"href":"https:\/\/www.moleson.ch\/en\/wp-json\/wp\/v2\/types\/page"}],"author":[{"embeddable":true,"href":"https:\/\/www.moleson.ch\/en\/wp-json\/wp\/v2\/users\/2"}],"replies":[{"embeddable":true,"href":"https:\/\/www.moleson.ch\/en\/wp-json\/wp\/v2\/comments?post=340378"}],"version-history":[{"count":0,"href":"https:\/\/www.moleson.ch\/en\/wp-json\/wp\/v2\/pages\/340378\/revisions"}],"wp:attachment":[{"href":"https:\/\/www.moleson.ch\/en\/wp-json\/wp\/v2\/media?parent=340378"}],"curies":[{"name":"wp","href":"https:\/\/api.w.org\/{rel}","templated":true}]}}